{"id":2025,"date":"2024-02-26T09:39:35","date_gmt":"2024-02-26T08:39:35","guid":{"rendered":"https:\/\/sv1863.de\/?page_id=2025"},"modified":"2024-02-26T10:50:19","modified_gmt":"2024-02-26T09:50:19","slug":"impressum","status":"publish","type":"page","link":"https:\/\/sv1863.de\/?page_id=2025","title":{"rendered":"Impressum"},"content":{"rendered":"\n<h2 class=\"wp-block-heading\"><strong>Sch\u00fctzenverein 1863 e.V. Gro\u00dfalmerode<\/strong><\/h2>\n\n\n\n<p class=\"wp-block-paragraph\">Sandweg 3<br>37247 Gro\u00dfalmerode<\/p>\n\n\n\n<p class=\"wp-block-paragraph\"><strong>E-Mail<\/strong>: vorstand@sv1863.de<\/p>\n\n\n\n<h2 class=\"wp-block-heading\"><strong>Vertretungsberechtigter Vorstand:<\/strong><\/h2>\n\n\n\n<h3 class=\"wp-block-heading\"><strong>1. Vorsitzender: <\/strong><\/h3>\n\n\n\n<p class=\"wp-block-paragraph\"><strong>Uwe Hofmeister<br><\/strong>Sandweg 3<br>37247 Gro\u00dfalmerode<br><br>E-Mail<strong>:<\/strong> vorstand@sv1863.de<\/p>\n\n\n\n<h3 class=\"wp-block-heading\"><strong>2. Vorsitzender:<\/strong><\/h3>\n\n\n\n<p class=\"wp-block-paragraph\"><strong>Detlef Ludolph<\/strong><br>Bilsteinstra\u00dfe 1<br>37247 Gro\u00dfalmerode<\/p>\n\n\n\n<p class=\"wp-block-paragraph\">E-Mail: vorstand@sv1863.de<\/p>\n\n\n\n<p class=\"wp-block-paragraph\"><strong>Das Impressum gilt f\u00fcr:&nbsp;<\/strong>https:\/\/sv1863.de<\/p>\n\n\n\n<p class=\"wp-block-paragraph\"><strong>Registergericht<\/strong>: Amtsgericht Eschwege<br><strong>Registernummer<\/strong>: 1097<\/p>\n\n\n\n<p class=\"wp-block-paragraph\"><strong>Verantwortliche i.S.d. \u00a7 55 Abs. 2 RStV<\/strong>: <\/p>\n\n\n\n<p class=\"wp-block-paragraph\">Uwe Hofmeister<br>Sandweg 3<br>37247 Gro\u00dfalmerode<\/p>\n","protected":false},"excerpt":{"rendered":"<p>Sch\u00fctzenverein 1863 e.V. Gro\u00dfalmerode Sandweg 337247 Gro\u00dfalmerode E-Mail: vorstand@sv1863.de Vertretungsberechtigter Vorstand: 1. Vorsitzender: Uwe HofmeisterSandweg 337247 Gro\u00dfalmerode E-Mail: vorstand@sv1863.de 2. Vorsitzender: Detlef LudolphBilsteinstra\u00dfe 137247 Gro\u00dfalmerode E-Mail: vorstand@sv1863.de Das Impressum gilt f\u00fcr:&nbsp;https:\/\/sv1863.de Registergericht: Amtsgericht EschwegeRegisternummer: 1097 Verantwortliche i.S.d. \u00a7 55 Abs. 2 RStV: Uwe HofmeisterSandweg 337247 Gro\u00dfalmerode<\/p>\n","protected":false},"author":1,"featured_media":0,"parent":0,"menu_order":99,"comment_status":"closed","ping_status":"closed","template":"","meta":{"_crdt_document":"","footnotes":""},"class_list":["post-2025","page","type-page","status-publish","hentry"],"_links":{"self":[{"href":"https:\/\/sv1863.de\/index.php?rest_route=\/wp\/v2\/pages\/2025","targetHints":{"allow":["GET"]}}],"collection":[{"href":"https:\/\/sv1863.de\/index.php?rest_route=\/wp\/v2\/pages"}],"about":[{"href":"https:\/\/sv1863.de\/index.php?rest_route=\/wp\/v2\/types\/page"}],"author":[{"embeddable":true,"href":"https:\/\/sv1863.de\/index.php?rest_route=\/wp\/v2\/users\/1"}],"replies":[{"embeddable":true,"href":"https:\/\/sv1863.de\/index.php?rest_route=%2Fwp%2Fv2%2Fcomments&post=2025"}],"version-history":[{"count":7,"href":"https:\/\/sv1863.de\/index.php?rest_route=\/wp\/v2\/pages\/2025\/revisions"}],"predecessor-version":[{"id":2043,"href":"https:\/\/sv1863.de\/index.php?rest_route=\/wp\/v2\/pages\/2025\/revisions\/2043"}],"wp:attachment":[{"href":"https:\/\/sv1863.de\/index.php?rest_route=%2Fwp%2Fv2%2Fmedia&parent=2025"}],"curies":[{"name":"wp","href":"https:\/\/api.w.org\/{rel}","templated":true}]}}