{"id":47,"date":"2018-11-03T17:53:49","date_gmt":"2018-11-03T15:53:49","guid":{"rendered":"https:\/\/sv1863.de\/?page_id=47"},"modified":"2024-02-26T10:47:24","modified_gmt":"2024-02-26T09:47:24","slug":"mitgliedschaft","status":"publish","type":"page","link":"https:\/\/sv1863.de\/?page_id=47","title":{"rendered":"Mitgliedschaft"},"content":{"rendered":"\n<p class=\"wp-block-paragraph\">Werden Sie Mitglied im Sch\u00fctzenverein. Treten Sie dazu gern mit uns in Kontakt, oder senden Sie uns einfach Ihre ausgef\u00fcllte Beitrittserkl\u00e4rung zu.<\/p>\n\n\n\n<div data-wp-interactive=\"core\/file\" class=\"wp-block-file\"><object data-wp-bind--hidden=\"!state.hasPdfPreview\" hidden class=\"wp-block-file__embed\" data=\"https:\/\/sv1863.de\/wp-content\/uploads\/2023\/02\/Beitrittserklaerung-Version-D.pdf\" type=\"application\/pdf\" style=\"width:100%;height:720px\" aria-label=\"Einbettung von Beitrittserkl\u00e4rung .\"><\/object><a id=\"wp-block-file--media-edc95fd4-1e78-49fb-bc59-da582b783433\" href=\"https:\/\/sv1863.de\/wp-content\/uploads\/2023\/02\/Beitrittserklaerung-Version-D.pdf\">Beitrittserkl\u00e4rung <\/a><\/div>\n","protected":false},"excerpt":{"rendered":"<p>Werden Sie Mitglied im Sch\u00fctzenverein. Treten Sie dazu gern mit uns in Kontakt, oder senden Sie uns einfach Ihre ausgef\u00fcllte Beitrittserkl\u00e4rung zu.<\/p>\n","protected":false},"author":1,"featured_media":0,"parent":34,"menu_order":3,"comment_status":"closed","ping_status":"closed","template":"full-width-page-template.php","meta":{"_crdt_document":"","footnotes":""},"class_list":["post-47","page","type-page","status-publish","hentry"],"_links":{"self":[{"href":"https:\/\/sv1863.de\/index.php?rest_route=\/wp\/v2\/pages\/47","targetHints":{"allow":["GET"]}}],"collection":[{"href":"https:\/\/sv1863.de\/index.php?rest_route=\/wp\/v2\/pages"}],"about":[{"href":"https:\/\/sv1863.de\/index.php?rest_route=\/wp\/v2\/types\/page"}],"author":[{"embeddable":true,"href":"https:\/\/sv1863.de\/index.php?rest_route=\/wp\/v2\/users\/1"}],"replies":[{"embeddable":true,"href":"https:\/\/sv1863.de\/index.php?rest_route=%2Fwp%2Fv2%2Fcomments&post=47"}],"version-history":[{"count":9,"href":"https:\/\/sv1863.de\/index.php?rest_route=\/wp\/v2\/pages\/47\/revisions"}],"predecessor-version":[{"id":2042,"href":"https:\/\/sv1863.de\/index.php?rest_route=\/wp\/v2\/pages\/47\/revisions\/2042"}],"up":[{"embeddable":true,"href":"https:\/\/sv1863.de\/index.php?rest_route=\/wp\/v2\/pages\/34"}],"wp:attachment":[{"href":"https:\/\/sv1863.de\/index.php?rest_route=%2Fwp%2Fv2%2Fmedia&parent=47"}],"curies":[{"name":"wp","href":"https:\/\/api.w.org\/{rel}","templated":true}]}}